{"id":4470,"date":"2024-10-31T07:27:08","date_gmt":"2024-10-31T05:27:08","guid":{"rendered":"https:\/\/avepeetri.ee\/esinemine\/"},"modified":"2024-12-29T22:14:39","modified_gmt":"2024-12-29T20:14:39","slug":"esinemine","status":"publish","type":"page","link":"https:\/\/avepeetri.ee\/et\/esinemine\/","title":{"rendered":"Esinemine"},"content":{"rendered":"\t\t<div data-elementor-type=\"wp-page\" data-elementor-id=\"4470\" class=\"elementor elementor-4470 elementor-1545\">\n\t\t\t\t<div class=\"elementor-element elementor-element-be3ee1d e-flex e-con-boxed e-con e-parent\" data-id=\"be3ee1d\" data-element_type=\"container\" data-e-type=\"container\" data-settings=\"{&quot;background_background&quot;:&quot;classic&quot;}\">\n\t\t\t\t\t<div class=\"e-con-inner\">\n\t\t<div class=\"elementor-element elementor-element-556a79c e-con-full e-flex e-con e-child\" data-id=\"556a79c\" data-element_type=\"container\" data-e-type=\"container\">\n\t\t\t\t<div class=\"elementor-element elementor-element-bda174a elementor-widget elementor-widget-heading\" data-id=\"bda174a\" data-element_type=\"widget\" data-e-type=\"widget\" data-widget_type=\"heading.default\">\n\t\t\t\t<div class=\"elementor-widget-container\">\n\t\t\t\t\t<h1 class=\"elementor-heading-title elementor-size-default\">Esinemine<\/h1>\t\t\t\t<\/div>\n\t\t\t\t<\/div>\n\t\t\t\t<\/div>\n\t\t\t\t\t<\/div>\n\t\t\t\t<\/div>\n\t\t<div class=\"elementor-element elementor-element-fcdd859 e-flex e-con-boxed e-con e-parent\" data-id=\"fcdd859\" data-element_type=\"container\" data-e-type=\"container\">\n\t\t\t\t\t<div class=\"e-con-inner\">\n\t\t\t\t<div class=\"elementor-element elementor-element-d078c20 elementor-widget elementor-widget-heading\" data-id=\"d078c20\" data-element_type=\"widget\" data-e-type=\"widget\" data-widget_type=\"heading.default\">\n\t\t\t\t<div class=\"elementor-widget-container\">\n\t\t\t\t\t<h3 class=\"elementor-heading-title elementor-size-default\">Inspireeri, lahuta meelt ja jaga teadmisi kogenud ja professionaalse juhtimisk\u00f5nelejaga!<\/h3>\t\t\t\t<\/div>\n\t\t\t\t<\/div>\n\t\t\t\t<div class=\"elementor-element elementor-element-652e87f elementor-widget-divider--view-line elementor-widget elementor-widget-divider\" data-id=\"652e87f\" data-element_type=\"widget\" data-e-type=\"widget\" data-widget_type=\"divider.default\">\n\t\t\t\t<div class=\"elementor-widget-container\">\n\t\t\t\t\t\t\t<div class=\"elementor-divider\">\n\t\t\t<span class=\"elementor-divider-separator\">\n\t\t\t\t\t\t<\/span>\n\t\t<\/div>\n\t\t\t\t\t\t<\/div>\n\t\t\t\t<\/div>\n\t\t\t\t\t<\/div>\n\t\t\t\t<\/div>\n\t\t<div class=\"elementor-element elementor-element-e56122b e-flex e-con-boxed e-con e-parent\" data-id=\"e56122b\" data-element_type=\"container\" data-e-type=\"container\">\n\t\t\t\t\t<div class=\"e-con-inner\">\n\t\t<div class=\"elementor-element elementor-element-7eaf232 e-con-full e-flex e-con e-child\" data-id=\"7eaf232\" data-element_type=\"container\" data-e-type=\"container\">\n\t\t\t\t<div class=\"elementor-element elementor-element-091c0b1 elementor-widget elementor-widget-text-editor\" data-id=\"091c0b1\" data-element_type=\"widget\" data-e-type=\"widget\" data-widget_type=\"text-editor.default\">\n\t\t\t\t<div class=\"elementor-widget-container\">\n\t\t\t\t\t\t\t\t\t<p><strong>Inspireeri, lahuta meelt ja jaga teadmisi kogenud ja professionaalse juhtimisk\u00f5nelejaga!<\/strong><\/p>\n<p><a href=\"https:\/\/avepeetri.ee\/et\/minust\/\">Ave<\/a> armastab jagada peaaegu sama palju kui ta armastab \u00f5ppida. Jagades oma teadmisi, tarkust ja kogemuslugusid publikuga \u00fcle kogu maailma, lisab ta alati huumorivarjundi, inspireerides nii tippjuhte kui ka juhtimiscoach&#8217;e. Tunneb end mugavalt igas suuruses publiku ees, Ave naudib, kui saab juhtimise teemadel r\u00e4\u00e4kida ja seminare korraldada. Tema lemmikteemad:   <\/p>\n\t\t\t\t\t\t\t\t<\/div>\n\t\t\t\t<\/div>\n\t\t\t\t<div class=\"elementor-element elementor-element-2610a98 elementor-widget elementor-widget-text-editor\" data-id=\"2610a98\" data-element_type=\"widget\" data-e-type=\"widget\" data-widget_type=\"text-editor.default\">\n\t\t\t\t<div class=\"elementor-widget-container\">\n\t\t\t\t\t\t\t\t\t<ul><li><p>Kuidas coaching aitab ettev\u00f5tetel \u00fcletada v\u00e4ljakutseid<\/p><\/li><li><p><a href=\"https:\/\/avepeetri.ee\/et\/organisatsiooni-kultuuri-coaching\/\"><span style=\"text-decoration: underline;\">Organisatsioonikultuur<\/span><\/a> kui konkurentsieelis<\/p><\/li><li><p>Coaching hariduses: kogemuslood<\/p><\/li><li><p>Eetika coachingu valdkonnas<\/p><\/li><li><p>S\u00e4ilen\u00f5tkus: kuidas olla valmis tundmatuks<\/p><\/li><li><p>Mis inspireerib meeskonda<\/p><\/li><\/ul><p><strong>Kui otsite k\u00f5nelejat, kes pakub meelelahutust ja maailmavaateid jagades inspireerib teie publikut j\u00e4rgmisel \u00fcritusel v\u00f5i seminaril, siis Ave on see k\u00f5neleja, keda otsite.<\/strong><\/p>\t\t\t\t\t\t\t\t<\/div>\n\t\t\t\t<\/div>\n\t\t\t\t<\/div>\n\t\t<div class=\"elementor-element elementor-element-48e359a e-con-full e-flex e-con e-child\" data-id=\"48e359a\" data-element_type=\"container\" data-e-type=\"container\">\n\t\t\t\t<div class=\"elementor-element elementor-element-ab3d570 elementor-widget elementor-widget-image\" data-id=\"ab3d570\" data-element_type=\"widget\" data-e-type=\"widget\" data-widget_type=\"image.default\">\n\t\t\t\t<div class=\"elementor-widget-container\">\n\t\t\t\t\t\t\t\t\t\t\t\t\t\t\t<img fetchpriority=\"high\" decoding=\"async\" width=\"1024\" height=\"683\" src=\"https:\/\/avepeetri.ee\/wp-content\/uploads\/2024\/11\/speaking-1024x683.jpg\" class=\"attachment-large size-large wp-image-4392\" alt=\"speaking\" srcset=\"https:\/\/avepeetri.ee\/wp-content\/uploads\/2024\/11\/speaking-1024x683.jpg 1024w, https:\/\/avepeetri.ee\/wp-content\/uploads\/2024\/11\/speaking-300x200.jpg 300w, https:\/\/avepeetri.ee\/wp-content\/uploads\/2024\/11\/speaking-768x512.jpg 768w, https:\/\/avepeetri.ee\/wp-content\/uploads\/2024\/11\/speaking-1536x1024.jpg 1536w, https:\/\/avepeetri.ee\/wp-content\/uploads\/2024\/11\/speaking.jpg 1920w\" sizes=\"(max-width: 1024px) 100vw, 1024px\" \/>\t\t\t\t\t\t\t\t\t\t\t\t\t\t\t<\/div>\n\t\t\t\t<\/div>\n\t\t\t\t<\/div>\n\t\t\t\t\t<\/div>\n\t\t\t\t<\/div>\n\t\t<div class=\"elementor-element elementor-element-bbb05aa e-flex e-con-boxed e-con e-parent\" data-id=\"bbb05aa\" data-element_type=\"container\" data-e-type=\"container\" data-settings=\"{&quot;background_background&quot;:&quot;classic&quot;}\">\n\t\t\t\t\t<div class=\"e-con-inner\">\n\t\t\t\t<div class=\"elementor-element elementor-element-2d7bf15 elementor-widget elementor-widget-heading\" data-id=\"2d7bf15\" data-element_type=\"widget\" data-e-type=\"widget\" data-widget_type=\"heading.default\">\n\t\t\t\t<div class=\"elementor-widget-container\">\n\t\t\t\t\t<h4 class=\"elementor-heading-title elementor-size-default\">V\u00f5tke Avega \u00fchendust, et jagada oma \u00fcrituse vajadusi ja k\u00fcsida k\u00f5nelemise kohta. <\/h4>\t\t\t\t<\/div>\n\t\t\t\t<\/div>\n\t\t\t\t<div class=\"elementor-element elementor-element-5069bb8 elementor-widget-divider--view-line elementor-widget elementor-widget-divider\" data-id=\"5069bb8\" data-element_type=\"widget\" data-e-type=\"widget\" data-widget_type=\"divider.default\">\n\t\t\t\t<div class=\"elementor-widget-container\">\n\t\t\t\t\t\t\t<div class=\"elementor-divider\">\n\t\t\t<span class=\"elementor-divider-separator\">\n\t\t\t\t\t\t<\/span>\n\t\t<\/div>\n\t\t\t\t\t\t<\/div>\n\t\t\t\t<\/div>\n\t\t\t\t<div class=\"elementor-element elementor-element-2de6dea elementor-mobile-align-center elementor-align-center elementor-widget elementor-widget-button\" data-id=\"2de6dea\" data-element_type=\"widget\" data-e-type=\"widget\" data-widget_type=\"button.default\">\n\t\t\t\t<div class=\"elementor-widget-container\">\n\t\t\t\t\t\t\t\t\t<div class=\"elementor-button-wrapper\">\n\t\t\t\t\t<a class=\"elementor-button elementor-button-link elementor-size-sm\" href=\"https:\/\/avepeetri.ee\/et\/votke-uhendust\/\">\n\t\t\t\t\t\t<span class=\"elementor-button-content-wrapper\">\n\t\t\t\t\t\t\t\t\t<span class=\"elementor-button-text\">Kontakt<\/span>\n\t\t\t\t\t<\/span>\n\t\t\t\t\t<\/a>\n\t\t\t\t<\/div>\n\t\t\t\t\t\t\t\t<\/div>\n\t\t\t\t<\/div>\n\t\t\t\t\t<\/div>\n\t\t\t\t<\/div>\n\t\t\t\t<\/div>\n\t\t","protected":false},"excerpt":{"rendered":"<p>Esinemine Inspireeri, lahuta meelt ja jaga teadmisi kogenud ja professionaalse juhtimisk\u00f5nelejaga! Inspireeri, lahuta meelt ja jaga teadmisi kogenud ja professionaalse juhtimisk\u00f5nelejaga! Ave armastab jagada peaaegu sama palju kui ta armastab \u00f5ppida. Jagades oma teadmisi, tarkust ja kogemuslugusid publikuga \u00fcle kogu maailma, lisab ta alati huumorivarjundi, inspireerides nii tippjuhte kui ka juhtimiscoach&#8217;e. Tunneb end mugavalt igas [&hellip;]<\/p>\n","protected":false},"author":5,"featured_media":4392,"parent":0,"menu_order":0,"comment_status":"closed","ping_status":"closed","template":"","meta":{"inline_featured_image":false,"site-sidebar-layout":"no-sidebar","site-content-layout":"page-builder","ast-site-content-layout":"full-width-container","site-content-style":"unboxed","site-sidebar-style":"unboxed","ast-global-header-display":"","ast-banner-title-visibility":"","ast-main-header-display":"","ast-hfb-above-header-display":"","ast-hfb-below-header-display":"","ast-hfb-mobile-header-display":"","site-post-title":"disabled","ast-breadcrumbs-content":"","ast-featured-img":"disabled","footer-sml-layout":"","ast-disable-related-posts":"","theme-transparent-header-meta":"disabled","adv-header-id-meta":"","stick-header-meta":"","header-above-stick-meta":"","header-main-stick-meta":"","header-below-stick-meta":"","astra-migrate-meta-layouts":"set","ast-page-background-enabled":"default","ast-page-background-meta":{"desktop":{"background-color":"","background-image":"","background-repeat":"repeat","background-position":"center center","background-size":"auto","background-attachment":"scroll","background-type":"","background-media":"","overlay-type":"","overlay-color":"","overlay-opacity":"","overlay-gradient":""},"tablet":{"background-color":"","background-image":"","background-repeat":"repeat","background-position":"center center","background-size":"auto","background-attachment":"scroll","background-type":"","background-media":"","overlay-type":"","overlay-color":"","overlay-opacity":"","overlay-gradient":""},"mobile":{"background-color":"","background-image":"","background-repeat":"repeat","background-position":"center center","background-size":"auto","background-attachment":"scroll","background-type":"","background-media":"","overlay-type":"","overlay-color":"","overlay-opacity":"","overlay-gradient":""}},"ast-content-background-meta":{"desktop":{"background-color":"var(--ast-global-color-5)","background-image":"","background-repeat":"repeat","background-position":"center center","background-size":"auto","background-attachment":"scroll","background-type":"","background-media":"","overlay-type":"","overlay-color":"","overlay-opacity":"","overlay-gradient":""},"tablet":{"background-color":"var(--ast-global-color-5)","background-image":"","background-repeat":"repeat","background-position":"center center","background-size":"auto","background-attachment":"scroll","background-type":"","background-media":"","overlay-type":"","overlay-color":"","overlay-opacity":"","overlay-gradient":""},"mobile":{"background-color":"var(--ast-global-color-5)","background-image":"","background-repeat":"repeat","background-position":"center center","background-size":"auto","background-attachment":"scroll","background-type":"","background-media":"","overlay-type":"","overlay-color":"","overlay-opacity":"","overlay-gradient":""}},"footnotes":""},"class_list":["post-4470","page","type-page","status-publish","has-post-thumbnail","hentry"],"yoast_head":"<!-- This site is optimized with the Yoast SEO plugin v27.3 - https:\/\/yoast.com\/product\/yoast-seo-wordpress\/ -->\n<title>Esinemine - Juhtimiscoach ja meeskonna coach<\/title>\n<meta name=\"description\" content=\"Kutsu Ave Peetri oma \u00fcritusele esinema, et saada v\u00e4\u00e4rtuslikke teadmisi juhtimisest, meeskonnat\u00f6\u00f6st ja organisatsioonikultuurist. Inspireeri oma meeskonda!\" \/>\n<meta name=\"robots\" content=\"index, follow, max-snippet:-1, max-image-preview:large, max-video-preview:-1\" \/>\n<link rel=\"canonical\" href=\"https:\/\/avepeetri.ee\/et\/esinemine\/\" \/>\n<meta property=\"og:locale\" content=\"et_EE\" \/>\n<meta property=\"og:type\" content=\"article\" \/>\n<meta property=\"og:title\" content=\"Esinemine - Juhtimiscoach ja meeskonna coach\" \/>\n<meta property=\"og:description\" content=\"Kutsu Ave Peetri oma \u00fcritusele esinema, et saada v\u00e4\u00e4rtuslikke teadmisi juhtimisest, meeskonnat\u00f6\u00f6st ja organisatsioonikultuurist. Inspireeri oma meeskonda!\" \/>\n<meta property=\"og:url\" content=\"https:\/\/avepeetri.ee\/et\/esinemine\/\" \/>\n<meta property=\"og:site_name\" content=\"Juhtimiscoach ja meeskonna coach\" \/>\n<meta property=\"article:modified_time\" content=\"2024-12-29T20:14:39+00:00\" \/>\n<meta property=\"og:image\" content=\"https:\/\/avepeetri.ee\/wp-content\/uploads\/2024\/11\/speaking.jpg\" \/>\n\t<meta property=\"og:image:width\" content=\"1920\" \/>\n\t<meta property=\"og:image:height\" content=\"1280\" \/>\n\t<meta property=\"og:image:type\" content=\"image\/jpeg\" \/>\n<meta name=\"twitter:card\" content=\"summary_large_image\" \/>\n<meta name=\"twitter:label1\" content=\"Est. reading time\" \/>\n\t<meta name=\"twitter:data1\" content=\"1 minut\" \/>\n<script type=\"application\/ld+json\" class=\"yoast-schema-graph\">{\"@context\":\"https:\\\/\\\/schema.org\",\"@graph\":[{\"@type\":\"WebPage\",\"@id\":\"https:\\\/\\\/avepeetri.ee\\\/et\\\/esinemine\\\/\",\"url\":\"https:\\\/\\\/avepeetri.ee\\\/et\\\/esinemine\\\/\",\"name\":\"Esinemine - Juhtimiscoach ja meeskonna coach\",\"isPartOf\":{\"@id\":\"https:\\\/\\\/avepeetri.ee\\\/#website\"},\"primaryImageOfPage\":{\"@id\":\"https:\\\/\\\/avepeetri.ee\\\/et\\\/esinemine\\\/#primaryimage\"},\"image\":{\"@id\":\"https:\\\/\\\/avepeetri.ee\\\/et\\\/esinemine\\\/#primaryimage\"},\"thumbnailUrl\":\"https:\\\/\\\/avepeetri.ee\\\/wp-content\\\/uploads\\\/2024\\\/11\\\/speaking.jpg\",\"datePublished\":\"2024-10-31T05:27:08+00:00\",\"dateModified\":\"2024-12-29T20:14:39+00:00\",\"description\":\"Kutsu Ave Peetri oma \u00fcritusele esinema, et saada v\u00e4\u00e4rtuslikke teadmisi juhtimisest, meeskonnat\u00f6\u00f6st ja organisatsioonikultuurist. Inspireeri oma meeskonda!\",\"breadcrumb\":{\"@id\":\"https:\\\/\\\/avepeetri.ee\\\/et\\\/esinemine\\\/#breadcrumb\"},\"inLanguage\":\"et\",\"potentialAction\":[{\"@type\":\"ReadAction\",\"target\":[\"https:\\\/\\\/avepeetri.ee\\\/et\\\/esinemine\\\/\"]}]},{\"@type\":\"ImageObject\",\"inLanguage\":\"et\",\"@id\":\"https:\\\/\\\/avepeetri.ee\\\/et\\\/esinemine\\\/#primaryimage\",\"url\":\"https:\\\/\\\/avepeetri.ee\\\/wp-content\\\/uploads\\\/2024\\\/11\\\/speaking.jpg\",\"contentUrl\":\"https:\\\/\\\/avepeetri.ee\\\/wp-content\\\/uploads\\\/2024\\\/11\\\/speaking.jpg\",\"width\":1920,\"height\":1280,\"caption\":\"speaking\"},{\"@type\":\"BreadcrumbList\",\"@id\":\"https:\\\/\\\/avepeetri.ee\\\/et\\\/esinemine\\\/#breadcrumb\",\"itemListElement\":[{\"@type\":\"ListItem\",\"position\":1,\"name\":\"Home\",\"item\":\"https:\\\/\\\/avepeetri.ee\\\/et\\\/\"},{\"@type\":\"ListItem\",\"position\":2,\"name\":\"Esinemine\"}]},{\"@type\":\"WebSite\",\"@id\":\"https:\\\/\\\/avepeetri.ee\\\/#website\",\"url\":\"https:\\\/\\\/avepeetri.ee\\\/\",\"name\":\"Confident Leadership Coach\",\"description\":\"Connecting Confidence to Possibilities for Results with Executive Leadership Coaching\",\"publisher\":{\"@id\":\"https:\\\/\\\/avepeetri.ee\\\/#organization\"},\"potentialAction\":[{\"@type\":\"SearchAction\",\"target\":{\"@type\":\"EntryPoint\",\"urlTemplate\":\"https:\\\/\\\/avepeetri.ee\\\/?s={search_term_string}\"},\"query-input\":{\"@type\":\"PropertyValueSpecification\",\"valueRequired\":true,\"valueName\":\"search_term_string\"}}],\"inLanguage\":\"et\"},{\"@type\":\"Organization\",\"@id\":\"https:\\\/\\\/avepeetri.ee\\\/#organization\",\"name\":\"Juhtimiscoach ja meeskonna coach\",\"url\":\"https:\\\/\\\/avepeetri.ee\\\/\",\"logo\":{\"@type\":\"ImageObject\",\"inLanguage\":\"et\",\"@id\":\"https:\\\/\\\/avepeetri.ee\\\/#\\\/schema\\\/logo\\\/image\\\/\",\"url\":\"https:\\\/\\\/avepeetri.ee\\\/wp-content\\\/uploads\\\/2024\\\/11\\\/Confident-Leadership-Coach_17022017-1-e1635944759400.png\",\"contentUrl\":\"https:\\\/\\\/avepeetri.ee\\\/wp-content\\\/uploads\\\/2024\\\/11\\\/Confident-Leadership-Coach_17022017-1-e1635944759400.png\",\"width\":300,\"height\":300,\"caption\":\"Juhtimiscoach ja meeskonna coach\"},\"image\":{\"@id\":\"https:\\\/\\\/avepeetri.ee\\\/#\\\/schema\\\/logo\\\/image\\\/\"}}]}<\/script>\n<!-- \/ Yoast SEO plugin. -->","yoast_head_json":{"title":"Esinemine - Juhtimiscoach ja meeskonna coach","description":"Kutsu Ave Peetri oma \u00fcritusele esinema, et saada v\u00e4\u00e4rtuslikke teadmisi juhtimisest, meeskonnat\u00f6\u00f6st ja organisatsioonikultuurist. Inspireeri oma meeskonda!","robots":{"index":"index","follow":"follow","max-snippet":"max-snippet:-1","max-image-preview":"max-image-preview:large","max-video-preview":"max-video-preview:-1"},"canonical":"https:\/\/avepeetri.ee\/et\/esinemine\/","og_locale":"et_EE","og_type":"article","og_title":"Esinemine - Juhtimiscoach ja meeskonna coach","og_description":"Kutsu Ave Peetri oma \u00fcritusele esinema, et saada v\u00e4\u00e4rtuslikke teadmisi juhtimisest, meeskonnat\u00f6\u00f6st ja organisatsioonikultuurist. Inspireeri oma meeskonda!","og_url":"https:\/\/avepeetri.ee\/et\/esinemine\/","og_site_name":"Juhtimiscoach ja meeskonna coach","article_modified_time":"2024-12-29T20:14:39+00:00","og_image":[{"width":1920,"height":1280,"url":"https:\/\/avepeetri.ee\/wp-content\/uploads\/2024\/11\/speaking.jpg","type":"image\/jpeg"}],"twitter_card":"summary_large_image","twitter_misc":{"Est. reading time":"1 minut"},"schema":{"@context":"https:\/\/schema.org","@graph":[{"@type":"WebPage","@id":"https:\/\/avepeetri.ee\/et\/esinemine\/","url":"https:\/\/avepeetri.ee\/et\/esinemine\/","name":"Esinemine - Juhtimiscoach ja meeskonna coach","isPartOf":{"@id":"https:\/\/avepeetri.ee\/#website"},"primaryImageOfPage":{"@id":"https:\/\/avepeetri.ee\/et\/esinemine\/#primaryimage"},"image":{"@id":"https:\/\/avepeetri.ee\/et\/esinemine\/#primaryimage"},"thumbnailUrl":"https:\/\/avepeetri.ee\/wp-content\/uploads\/2024\/11\/speaking.jpg","datePublished":"2024-10-31T05:27:08+00:00","dateModified":"2024-12-29T20:14:39+00:00","description":"Kutsu Ave Peetri oma \u00fcritusele esinema, et saada v\u00e4\u00e4rtuslikke teadmisi juhtimisest, meeskonnat\u00f6\u00f6st ja organisatsioonikultuurist. Inspireeri oma meeskonda!","breadcrumb":{"@id":"https:\/\/avepeetri.ee\/et\/esinemine\/#breadcrumb"},"inLanguage":"et","potentialAction":[{"@type":"ReadAction","target":["https:\/\/avepeetri.ee\/et\/esinemine\/"]}]},{"@type":"ImageObject","inLanguage":"et","@id":"https:\/\/avepeetri.ee\/et\/esinemine\/#primaryimage","url":"https:\/\/avepeetri.ee\/wp-content\/uploads\/2024\/11\/speaking.jpg","contentUrl":"https:\/\/avepeetri.ee\/wp-content\/uploads\/2024\/11\/speaking.jpg","width":1920,"height":1280,"caption":"speaking"},{"@type":"BreadcrumbList","@id":"https:\/\/avepeetri.ee\/et\/esinemine\/#breadcrumb","itemListElement":[{"@type":"ListItem","position":1,"name":"Home","item":"https:\/\/avepeetri.ee\/et\/"},{"@type":"ListItem","position":2,"name":"Esinemine"}]},{"@type":"WebSite","@id":"https:\/\/avepeetri.ee\/#website","url":"https:\/\/avepeetri.ee\/","name":"Confident Leadership Coach","description":"Connecting Confidence to Possibilities for Results with Executive Leadership Coaching","publisher":{"@id":"https:\/\/avepeetri.ee\/#organization"},"potentialAction":[{"@type":"SearchAction","target":{"@type":"EntryPoint","urlTemplate":"https:\/\/avepeetri.ee\/?s={search_term_string}"},"query-input":{"@type":"PropertyValueSpecification","valueRequired":true,"valueName":"search_term_string"}}],"inLanguage":"et"},{"@type":"Organization","@id":"https:\/\/avepeetri.ee\/#organization","name":"Juhtimiscoach ja meeskonna coach","url":"https:\/\/avepeetri.ee\/","logo":{"@type":"ImageObject","inLanguage":"et","@id":"https:\/\/avepeetri.ee\/#\/schema\/logo\/image\/","url":"https:\/\/avepeetri.ee\/wp-content\/uploads\/2024\/11\/Confident-Leadership-Coach_17022017-1-e1635944759400.png","contentUrl":"https:\/\/avepeetri.ee\/wp-content\/uploads\/2024\/11\/Confident-Leadership-Coach_17022017-1-e1635944759400.png","width":300,"height":300,"caption":"Juhtimiscoach ja meeskonna coach"},"image":{"@id":"https:\/\/avepeetri.ee\/#\/schema\/logo\/image\/"}}]}},"_links":{"self":[{"href":"https:\/\/avepeetri.ee\/et\/wp-json\/wp\/v2\/pages\/4470","targetHints":{"allow":["GET"]}}],"collection":[{"href":"https:\/\/avepeetri.ee\/et\/wp-json\/wp\/v2\/pages"}],"about":[{"href":"https:\/\/avepeetri.ee\/et\/wp-json\/wp\/v2\/types\/page"}],"author":[{"embeddable":true,"href":"https:\/\/avepeetri.ee\/et\/wp-json\/wp\/v2\/users\/5"}],"replies":[{"embeddable":true,"href":"https:\/\/avepeetri.ee\/et\/wp-json\/wp\/v2\/comments?post=4470"}],"version-history":[{"count":5,"href":"https:\/\/avepeetri.ee\/et\/wp-json\/wp\/v2\/pages\/4470\/revisions"}],"predecessor-version":[{"id":5128,"href":"https:\/\/avepeetri.ee\/et\/wp-json\/wp\/v2\/pages\/4470\/revisions\/5128"}],"wp:featuredmedia":[{"embeddable":true,"href":"https:\/\/avepeetri.ee\/et\/wp-json\/wp\/v2\/media\/4392"}],"wp:attachment":[{"href":"https:\/\/avepeetri.ee\/et\/wp-json\/wp\/v2\/media?parent=4470"}],"curies":[{"name":"wp","href":"https:\/\/api.w.org\/{rel}","templated":true}]}}