{"id":4414,"date":"2024-10-31T07:34:00","date_gmt":"2024-10-31T05:34:00","guid":{"rendered":"https:\/\/avepeetri.ee\/blogi\/"},"modified":"2024-12-29T22:25:34","modified_gmt":"2024-12-29T20:25:34","slug":"blogi","status":"publish","type":"page","link":"https:\/\/avepeetri.ee\/et\/blogi\/","title":{"rendered":"Blogi"},"content":{"rendered":"\t\t<div data-elementor-type=\"wp-page\" data-elementor-id=\"4414\" class=\"elementor elementor-4414 elementor-1576\">\n\t\t\t\t<div class=\"elementor-element elementor-element-cf80353 e-flex e-con-boxed e-con e-parent\" data-id=\"cf80353\" data-element_type=\"container\" data-e-type=\"container\" data-settings=\"{&quot;background_background&quot;:&quot;classic&quot;}\">\n\t\t\t\t\t<div class=\"e-con-inner\">\n\t\t<div class=\"elementor-element elementor-element-6224c5c e-con-full e-flex e-con e-child\" data-id=\"6224c5c\" data-element_type=\"container\" data-e-type=\"container\">\n\t\t\t\t<div class=\"elementor-element elementor-element-e9571a8 elementor-widget elementor-widget-heading\" data-id=\"e9571a8\" data-element_type=\"widget\" data-e-type=\"widget\" data-widget_type=\"heading.default\">\n\t\t\t\t<div class=\"elementor-widget-container\">\n\t\t\t\t\t<h1 class=\"elementor-heading-title elementor-size-default\">Blogi<\/h1>\t\t\t\t<\/div>\n\t\t\t\t<\/div>\n\t\t\t\t<div class=\"elementor-element elementor-element-97f93e3 elementor-widget-divider--view-line elementor-widget elementor-widget-divider\" data-id=\"97f93e3\" data-element_type=\"widget\" data-e-type=\"widget\" data-widget_type=\"divider.default\">\n\t\t\t\t<div class=\"elementor-widget-container\">\n\t\t\t\t\t\t\t<div class=\"elementor-divider\">\n\t\t\t<span class=\"elementor-divider-separator\">\n\t\t\t\t\t\t<\/span>\n\t\t<\/div>\n\t\t\t\t\t\t<\/div>\n\t\t\t\t<\/div>\n\t\t<div class=\"elementor-element elementor-element-1895d4c e-con-full e-flex e-con e-child\" data-id=\"1895d4c\" data-element_type=\"container\" data-e-type=\"container\">\n\t\t\t\t<div class=\"elementor-element elementor-element-3b61ed6 elementor-widget elementor-widget-qi_addons_for_elementor_blog_list\" data-id=\"3b61ed6\" data-element_type=\"widget\" data-e-type=\"widget\" data-widget_type=\"qi_addons_for_elementor_blog_list.default\">\n\t\t\t\t<div class=\"elementor-widget-container\">\n\t\t\t\t\t<div class=\"qodef-shortcode qodef-m qodef-addons-blog-list qodef-info-no-icons qodef-image--hover-zoom qodef-qi-grid qodef-layout--qi-columns qodef-col-num--3 qodef-item-layout--boxed qodef-responsive--predefined\" >\n\t<div class=\"qodef-grid-inner\">\n\t\t<article class=\"qodef-e qodef-blog-item qodef-grid-item qodef-item--square post-4718 post type-post status-publish format-standard has-post-thumbnail hentry category-blog-et\">\n\t<div class=\"qodef-e-inner\">\n\t\t<div class=\"qodef-e-media-holder\">\n\t\t\t<div class=\"qodef-e-media\">\n\t\t<div class=\"qodef-e-media-image\">\n\t\t<a itemprop=\"url\" href=\"https:\/\/avepeetri.ee\/et\/kuidas-motlemine-muutub\/\">\n\t\t\t<img fetchpriority=\"high\" decoding=\"async\" width=\"300\" height=\"300\" src=\"https:\/\/avepeetri.ee\/wp-content\/uploads\/2024\/11\/Confident-Leadership-Coach_17022017-1-e1635944759400.png\" class=\"attachment-qi_addons_for_elementor_image_size_square size-qi_addons_for_elementor_image_size_square\" alt=\"Confident Leadership Coach\" srcset=\"https:\/\/avepeetri.ee\/wp-content\/uploads\/2024\/11\/Confident-Leadership-Coach_17022017-1-e1635944759400.png 300w, https:\/\/avepeetri.ee\/wp-content\/uploads\/2024\/11\/Confident-Leadership-Coach_17022017-1-e1635944759400-150x150.png 150w\" sizes=\"(max-width: 300px) 100vw, 300px\" \/>\t\t<\/a>\n\t\t\t<\/div>\n<\/div>\n\t\t<\/div>\n\t\t<div class=\"qodef-e-content\">\n\t\t\t\t\t\t<div class=\"qodef-e-text\">\n\t\t\t\t<h5 itemprop=\"name\" class=\"qodef-e-title entry-title\">\n\t<a itemprop=\"url\" class=\"qodef-e-title-link\" href=\"https:\/\/avepeetri.ee\/et\/kuidas-motlemine-muutub\/\">\n\t\tKuidas m\u00f5tlemine muutub\t<\/a>\n<\/h5>\n\t\t<p itemprop=\"description\" class=\"qodef-e-excerpt\">\n\t\t\tLugesin David McRaney raamatut How minds change. Jah, raamat muutis minu m\u00f5tlemist, nagu autor lubas sissejuhatuses! Oluline on see, et lubasin oma meelel muutuda, et olla\t\t<\/p>\n\t\t\t\t<\/div>\n\t\t\t\t\t\t\t<div class=\"qodef-e-info qodef-info--bottom\">\n\t\t\t\t\t\t<div class=\"qodef-e-read-more\">\n\t\t<a class=\"qodef-shortcode qodef-m qodef-qi-button qodef-html--link qodef-layout--filled qodef-type--standard qodef-icon--right qodef-hover--icon-move-horizontal-short\" href=\"https:\/\/avepeetri.ee\/et\/kuidas-motlemine-muutub\/\" target=\"_self\">\t<span class=\"qodef-m-text\">LOE LISAKS<\/span>\t<\/a>\t<\/div>\n\t\t\t\t<\/div>\n\t\t\t\t\t<\/div>\n\t<\/div>\n<\/article>\n<article class=\"qodef-e qodef-blog-item qodef-grid-item qodef-item--square post-4716 post type-post status-publish format-standard has-post-thumbnail hentry category-blog-et\">\n\t<div class=\"qodef-e-inner\">\n\t\t<div class=\"qodef-e-media-holder\">\n\t\t\t<div class=\"qodef-e-media\">\n\t\t<div class=\"qodef-e-media-image\">\n\t\t<a itemprop=\"url\" href=\"https:\/\/avepeetri.ee\/et\/meeskondade-juhtimine-muutlikus-maailmas\/\">\n\t\t\t<img fetchpriority=\"high\" decoding=\"async\" width=\"300\" height=\"300\" src=\"https:\/\/avepeetri.ee\/wp-content\/uploads\/2024\/11\/Confident-Leadership-Coach_17022017-1-e1635944759400.png\" class=\"attachment-qi_addons_for_elementor_image_size_square size-qi_addons_for_elementor_image_size_square\" alt=\"Confident Leadership Coach\" srcset=\"https:\/\/avepeetri.ee\/wp-content\/uploads\/2024\/11\/Confident-Leadership-Coach_17022017-1-e1635944759400.png 300w, https:\/\/avepeetri.ee\/wp-content\/uploads\/2024\/11\/Confident-Leadership-Coach_17022017-1-e1635944759400-150x150.png 150w\" sizes=\"(max-width: 300px) 100vw, 300px\" \/>\t\t<\/a>\n\t\t\t<\/div>\n<\/div>\n\t\t<\/div>\n\t\t<div class=\"qodef-e-content\">\n\t\t\t\t\t\t<div class=\"qodef-e-text\">\n\t\t\t\t<h5 itemprop=\"name\" class=\"qodef-e-title entry-title\">\n\t<a itemprop=\"url\" class=\"qodef-e-title-link\" href=\"https:\/\/avepeetri.ee\/et\/meeskondade-juhtimine-muutlikus-maailmas\/\">\n\t\tMeeskondade juhtimine muutlikus maailmas\t<\/a>\n<\/h5>\n\t\t<p itemprop=\"description\" class=\"qodef-e-excerpt\">\n\t\t\tK\u00e4isin hiljuti juhtimiskonverentsil ja k\u00f5rva j\u00e4i palju uusi ideid selle kohta, mida saaks juht ise teha ja mida ta v\u00f5iks oodata teistelt, nt t\u00f6\u00f6andjatelt, valitsuselt,\t\t<\/p>\n\t\t\t\t<\/div>\n\t\t\t\t\t\t\t<div class=\"qodef-e-info qodef-info--bottom\">\n\t\t\t\t\t\t<div class=\"qodef-e-read-more\">\n\t\t<a class=\"qodef-shortcode qodef-m qodef-qi-button qodef-html--link qodef-layout--filled qodef-type--standard qodef-icon--right qodef-hover--icon-move-horizontal-short\" href=\"https:\/\/avepeetri.ee\/et\/meeskondade-juhtimine-muutlikus-maailmas\/\" target=\"_self\">\t<span class=\"qodef-m-text\">LOE LISAKS<\/span>\t<\/a>\t<\/div>\n\t\t\t\t<\/div>\n\t\t\t\t\t<\/div>\n\t<\/div>\n<\/article>\n<article class=\"qodef-e qodef-blog-item qodef-grid-item qodef-item--square post-4714 post type-post status-publish format-standard has-post-thumbnail hentry category-blog-et\">\n\t<div class=\"qodef-e-inner\">\n\t\t<div class=\"qodef-e-media-holder\">\n\t\t\t<div class=\"qodef-e-media\">\n\t\t<div class=\"qodef-e-media-image\">\n\t\t<a itemprop=\"url\" href=\"https:\/\/avepeetri.ee\/et\/kuidas-kindel-olla-coachi-kvaliteedis\/\">\n\t\t\t<img fetchpriority=\"high\" decoding=\"async\" width=\"300\" height=\"300\" src=\"https:\/\/avepeetri.ee\/wp-content\/uploads\/2024\/11\/Confident-Leadership-Coach_17022017-1-e1635944759400.png\" class=\"attachment-qi_addons_for_elementor_image_size_square size-qi_addons_for_elementor_image_size_square\" alt=\"Confident Leadership Coach\" srcset=\"https:\/\/avepeetri.ee\/wp-content\/uploads\/2024\/11\/Confident-Leadership-Coach_17022017-1-e1635944759400.png 300w, https:\/\/avepeetri.ee\/wp-content\/uploads\/2024\/11\/Confident-Leadership-Coach_17022017-1-e1635944759400-150x150.png 150w\" sizes=\"(max-width: 300px) 100vw, 300px\" \/>\t\t<\/a>\n\t\t\t<\/div>\n<\/div>\n\t\t<\/div>\n\t\t<div class=\"qodef-e-content\">\n\t\t\t\t\t\t<div class=\"qodef-e-text\">\n\t\t\t\t<h5 itemprop=\"name\" class=\"qodef-e-title entry-title\">\n\t<a itemprop=\"url\" class=\"qodef-e-title-link\" href=\"https:\/\/avepeetri.ee\/et\/kuidas-kindel-olla-coachi-kvaliteedis\/\">\n\t\tKuidas kindel olla coachi kvaliteedis?\t<\/a>\n<\/h5>\n\t\t<p itemprop=\"description\" class=\"qodef-e-excerpt\">\n\t\t\tCoachingu, mentorluse ja supervisiooni regulatsioon Euroopa Liidus. Euroopa Majandus- ja Sotsiaalkomitee kiitis heaks Coachingu, mentorluse ja coachide, mentorite ning super\t\t<\/p>\n\t\t\t\t<\/div>\n\t\t\t\t\t\t\t<div class=\"qodef-e-info qodef-info--bottom\">\n\t\t\t\t\t\t<div class=\"qodef-e-read-more\">\n\t\t<a class=\"qodef-shortcode qodef-m qodef-qi-button qodef-html--link qodef-layout--filled qodef-type--standard qodef-icon--right qodef-hover--icon-move-horizontal-short\" href=\"https:\/\/avepeetri.ee\/et\/kuidas-kindel-olla-coachi-kvaliteedis\/\" target=\"_self\">\t<span class=\"qodef-m-text\">LOE LISAKS<\/span>\t<\/a>\t<\/div>\n\t\t\t\t<\/div>\n\t\t\t\t\t<\/div>\n\t<\/div>\n<\/article>\n<article class=\"qodef-e qodef-blog-item qodef-grid-item qodef-item--square post-4712 post type-post status-publish format-standard has-post-thumbnail hentry category-blog-et\">\n\t<div class=\"qodef-e-inner\">\n\t\t<div class=\"qodef-e-media-holder\">\n\t\t\t<div class=\"qodef-e-media\">\n\t\t<div class=\"qodef-e-media-image\">\n\t\t<a itemprop=\"url\" href=\"https:\/\/avepeetri.ee\/et\/juht-kui-organisatsiooni-kultuuri-looja\/\">\n\t\t\t<img fetchpriority=\"high\" decoding=\"async\" width=\"300\" height=\"300\" src=\"https:\/\/avepeetri.ee\/wp-content\/uploads\/2024\/11\/Confident-Leadership-Coach_17022017-1-e1635944759400.png\" class=\"attachment-qi_addons_for_elementor_image_size_square size-qi_addons_for_elementor_image_size_square\" alt=\"Confident Leadership Coach\" srcset=\"https:\/\/avepeetri.ee\/wp-content\/uploads\/2024\/11\/Confident-Leadership-Coach_17022017-1-e1635944759400.png 300w, https:\/\/avepeetri.ee\/wp-content\/uploads\/2024\/11\/Confident-Leadership-Coach_17022017-1-e1635944759400-150x150.png 150w\" sizes=\"(max-width: 300px) 100vw, 300px\" \/>\t\t<\/a>\n\t\t\t<\/div>\n<\/div>\n\t\t<\/div>\n\t\t<div class=\"qodef-e-content\">\n\t\t\t\t\t\t<div class=\"qodef-e-text\">\n\t\t\t\t<h5 itemprop=\"name\" class=\"qodef-e-title entry-title\">\n\t<a itemprop=\"url\" class=\"qodef-e-title-link\" href=\"https:\/\/avepeetri.ee\/et\/juht-kui-organisatsiooni-kultuuri-looja\/\">\n\t\tJuht kui organisatsiooni kultuuri looja\t<\/a>\n<\/h5>\n\t\t<p itemprop=\"description\" class=\"qodef-e-excerpt\">\n\t\t\tMe oleme kuulnud v\u00e4ljendit, et organisatsiooni kultuur s\u00f6\u00f6b strateegia hommikus\u00f6\u00f6giks (Peter Drucker). Kui r\u00e4\u00e4kida ettev\u00f5tete juhtidega, siis nad k\u00f5ik tunnistavad s\t\t<\/p>\n\t\t\t\t<\/div>\n\t\t\t\t\t\t\t<div class=\"qodef-e-info qodef-info--bottom\">\n\t\t\t\t\t\t<div class=\"qodef-e-read-more\">\n\t\t<a class=\"qodef-shortcode qodef-m qodef-qi-button qodef-html--link qodef-layout--filled qodef-type--standard qodef-icon--right qodef-hover--icon-move-horizontal-short\" href=\"https:\/\/avepeetri.ee\/et\/juht-kui-organisatsiooni-kultuuri-looja\/\" target=\"_self\">\t<span class=\"qodef-m-text\">LOE LISAKS<\/span>\t<\/a>\t<\/div>\n\t\t\t\t<\/div>\n\t\t\t\t\t<\/div>\n\t<\/div>\n<\/article>\n<article class=\"qodef-e qodef-blog-item qodef-grid-item qodef-item--square post-4710 post type-post status-publish format-standard has-post-thumbnail hentry category-blog-et\">\n\t<div class=\"qodef-e-inner\">\n\t\t<div class=\"qodef-e-media-holder\">\n\t\t\t<div class=\"qodef-e-media\">\n\t\t<div class=\"qodef-e-media-image\">\n\t\t<a itemprop=\"url\" href=\"https:\/\/avepeetri.ee\/et\/meeskonna-arendamise-meetodid-ja-nende-omapara\/\">\n\t\t\t<img fetchpriority=\"high\" decoding=\"async\" width=\"300\" height=\"300\" src=\"https:\/\/avepeetri.ee\/wp-content\/uploads\/2024\/11\/Confident-Leadership-Coach_17022017-1-e1635944759400.png\" class=\"attachment-qi_addons_for_elementor_image_size_square size-qi_addons_for_elementor_image_size_square\" alt=\"Confident Leadership Coach\" srcset=\"https:\/\/avepeetri.ee\/wp-content\/uploads\/2024\/11\/Confident-Leadership-Coach_17022017-1-e1635944759400.png 300w, https:\/\/avepeetri.ee\/wp-content\/uploads\/2024\/11\/Confident-Leadership-Coach_17022017-1-e1635944759400-150x150.png 150w\" sizes=\"(max-width: 300px) 100vw, 300px\" \/>\t\t<\/a>\n\t\t\t<\/div>\n<\/div>\n\t\t<\/div>\n\t\t<div class=\"qodef-e-content\">\n\t\t\t\t\t\t<div class=\"qodef-e-text\">\n\t\t\t\t<h5 itemprop=\"name\" class=\"qodef-e-title entry-title\">\n\t<a itemprop=\"url\" class=\"qodef-e-title-link\" href=\"https:\/\/avepeetri.ee\/et\/meeskonna-arendamise-meetodid-ja-nende-omapara\/\">\n\t\tMeeskonna arendamise meetodid ja nende omap\u00e4ra.\t<\/a>\n<\/h5>\n\t\t<p itemprop=\"description\" class=\"qodef-e-excerpt\">\n\t\t\tIga juht on kogenud olukorda, kus nad saavad aru, et see, mida nad teevad, ei ole hetkel piisav. Mitte selle p\u00e4rast, et nende panus ei ole oluline, vaid pigem, et juhid ei\t\t<\/p>\n\t\t\t\t<\/div>\n\t\t\t\t\t\t\t<div class=\"qodef-e-info qodef-info--bottom\">\n\t\t\t\t\t\t<div class=\"qodef-e-read-more\">\n\t\t<a class=\"qodef-shortcode qodef-m qodef-qi-button qodef-html--link qodef-layout--filled qodef-type--standard qodef-icon--right qodef-hover--icon-move-horizontal-short\" href=\"https:\/\/avepeetri.ee\/et\/meeskonna-arendamise-meetodid-ja-nende-omapara\/\" target=\"_self\">\t<span class=\"qodef-m-text\">LOE LISAKS<\/span>\t<\/a>\t<\/div>\n\t\t\t\t<\/div>\n\t\t\t\t\t<\/div>\n\t<\/div>\n<\/article>\n\t<\/div>\n\t<\/div>\n\t\t\t\t<\/div>\n\t\t\t\t<\/div>\n\t\t\t\t<\/div>\n\t\t\t\t<\/div>\n\t\t\t\t\t<\/div>\n\t\t\t\t<\/div>\n\t\t\t\t<\/div>\n\t\t","protected":false},"excerpt":{"rendered":"<p>Blogi Psychological Safety versus High Performance are they mutually exclusive Psychological safety, a concept introduced by Harvard Business School professor Amy Edmondson, refers to an individual&#8217;s perception of the consequences of taking an in LOE LISAKS Demystifying the coaching credentials Have you found yourself wondering, but not sure if you should ask? PCC, ACTC, ICF\u2026let\u2019s [&hellip;]<\/p>\n","protected":false},"author":5,"featured_media":4401,"parent":0,"menu_order":0,"comment_status":"closed","ping_status":"closed","template":"","meta":{"inline_featured_image":false,"site-sidebar-layout":"default","site-content-layout":"","ast-site-content-layout":"full-width-container","site-content-style":"default","site-sidebar-style":"default","ast-global-header-display":"","ast-banner-title-visibility":"","ast-main-header-display":"","ast-hfb-above-header-display":"","ast-hfb-below-header-display":"","ast-hfb-mobile-header-display":"","site-post-title":"disabled","ast-breadcrumbs-content":"","ast-featured-img":"","footer-sml-layout":"","ast-disable-related-posts":"","theme-transparent-header-meta":"default","adv-header-id-meta":"","stick-header-meta":"","header-above-stick-meta":"","header-main-stick-meta":"","header-below-stick-meta":"","astra-migrate-meta-layouts":"set","ast-page-background-enabled":"default","ast-page-background-meta":{"desktop":{"background-color":"","background-image":"","background-repeat":"repeat","background-position":"center center","background-size":"auto","background-attachment":"scroll","background-type":"","background-media":"","overlay-type":"","overlay-color":"","overlay-opacity":"","overlay-gradient":""},"tablet":{"background-color":"","background-image":"","background-repeat":"repeat","background-position":"center center","background-size":"auto","background-attachment":"scroll","background-type":"","background-media":"","overlay-type":"","overlay-color":"","overlay-opacity":"","overlay-gradient":""},"mobile":{"background-color":"","background-image":"","background-repeat":"repeat","background-position":"center center","background-size":"auto","background-attachment":"scroll","background-type":"","background-media":"","overlay-type":"","overlay-color":"","overlay-opacity":"","overlay-gradient":""}},"ast-content-background-meta":{"desktop":{"background-color":"var(--ast-global-color-5)","background-image":"","background-repeat":"repeat","background-position":"center center","background-size":"auto","background-attachment":"scroll","background-type":"","background-media":"","overlay-type":"","overlay-color":"","overlay-opacity":"","overlay-gradient":""},"tablet":{"background-color":"var(--ast-global-color-5)","background-image":"","background-repeat":"repeat","background-position":"center center","background-size":"auto","background-attachment":"scroll","background-type":"","background-media":"","overlay-type":"","overlay-color":"","overlay-opacity":"","overlay-gradient":""},"mobile":{"background-color":"var(--ast-global-color-5)","background-image":"","background-repeat":"repeat","background-position":"center center","background-size":"auto","background-attachment":"scroll","background-type":"","background-media":"","overlay-type":"","overlay-color":"","overlay-opacity":"","overlay-gradient":""}},"footnotes":""},"class_list":["post-4414","page","type-page","status-publish","has-post-thumbnail","hentry"],"yoast_head":"<!-- This site is optimized with the Yoast SEO plugin v27.4 - https:\/\/yoast.com\/product\/yoast-seo-wordpress\/ -->\n<title>Blogi - Juhtimiscoach ja meeskonna coach<\/title>\n<meta name=\"description\" content=\"Loe Ave Peetri blogist v\u00e4\u00e4rtuslikke artikleid juhtimisest, meeskonnat\u00f6\u00f6st ja organisatsioonikultuurist. Saa praktilisi n\u00f5uandeid ja teadmisi!\" \/>\n<meta name=\"robots\" content=\"index, follow, max-snippet:-1, max-image-preview:large, max-video-preview:-1\" \/>\n<link rel=\"canonical\" href=\"https:\/\/avepeetri.ee\/et\/blogi\/\" \/>\n<meta property=\"og:locale\" content=\"et_EE\" \/>\n<meta property=\"og:type\" content=\"article\" \/>\n<meta property=\"og:title\" content=\"Blogi - Juhtimiscoach ja meeskonna coach\" \/>\n<meta property=\"og:description\" content=\"Loe Ave Peetri blogist v\u00e4\u00e4rtuslikke artikleid juhtimisest, meeskonnat\u00f6\u00f6st ja organisatsioonikultuurist. Saa praktilisi n\u00f5uandeid ja teadmisi!\" \/>\n<meta property=\"og:url\" content=\"https:\/\/avepeetri.ee\/et\/blogi\/\" \/>\n<meta property=\"og:site_name\" content=\"Juhtimiscoach ja meeskonna coach\" \/>\n<meta property=\"article:modified_time\" content=\"2024-12-29T20:25:34+00:00\" \/>\n<meta property=\"og:image\" content=\"https:\/\/avepeetri.ee\/wp-content\/uploads\/2024\/11\/Confident-Leadership-Coach_17022017-1-e1635944759400.png\" \/>\n\t<meta property=\"og:image:width\" content=\"300\" \/>\n\t<meta property=\"og:image:height\" content=\"300\" \/>\n\t<meta property=\"og:image:type\" content=\"image\/png\" \/>\n<meta name=\"twitter:card\" content=\"summary_large_image\" \/>\n<meta name=\"twitter:label1\" content=\"Est. reading time\" \/>\n\t<meta name=\"twitter:data1\" content=\"6 minutit\" \/>\n<script type=\"application\/ld+json\" class=\"yoast-schema-graph\">{\"@context\":\"https:\\\/\\\/schema.org\",\"@graph\":[{\"@type\":\"WebPage\",\"@id\":\"https:\\\/\\\/avepeetri.ee\\\/et\\\/blogi\\\/\",\"url\":\"https:\\\/\\\/avepeetri.ee\\\/et\\\/blogi\\\/\",\"name\":\"Blogi - Juhtimiscoach ja meeskonna coach\",\"isPartOf\":{\"@id\":\"https:\\\/\\\/avepeetri.ee\\\/#website\"},\"primaryImageOfPage\":{\"@id\":\"https:\\\/\\\/avepeetri.ee\\\/et\\\/blogi\\\/#primaryimage\"},\"image\":{\"@id\":\"https:\\\/\\\/avepeetri.ee\\\/et\\\/blogi\\\/#primaryimage\"},\"thumbnailUrl\":\"https:\\\/\\\/avepeetri.ee\\\/wp-content\\\/uploads\\\/2024\\\/11\\\/Confident-Leadership-Coach_17022017-1-e1635944759400.png\",\"datePublished\":\"2024-10-31T05:34:00+00:00\",\"dateModified\":\"2024-12-29T20:25:34+00:00\",\"description\":\"Loe Ave Peetri blogist v\u00e4\u00e4rtuslikke artikleid juhtimisest, meeskonnat\u00f6\u00f6st ja organisatsioonikultuurist. Saa praktilisi n\u00f5uandeid ja teadmisi!\",\"breadcrumb\":{\"@id\":\"https:\\\/\\\/avepeetri.ee\\\/et\\\/blogi\\\/#breadcrumb\"},\"inLanguage\":\"et\",\"potentialAction\":[{\"@type\":\"ReadAction\",\"target\":[\"https:\\\/\\\/avepeetri.ee\\\/et\\\/blogi\\\/\"]}]},{\"@type\":\"ImageObject\",\"inLanguage\":\"et\",\"@id\":\"https:\\\/\\\/avepeetri.ee\\\/et\\\/blogi\\\/#primaryimage\",\"url\":\"https:\\\/\\\/avepeetri.ee\\\/wp-content\\\/uploads\\\/2024\\\/11\\\/Confident-Leadership-Coach_17022017-1-e1635944759400.png\",\"contentUrl\":\"https:\\\/\\\/avepeetri.ee\\\/wp-content\\\/uploads\\\/2024\\\/11\\\/Confident-Leadership-Coach_17022017-1-e1635944759400.png\",\"width\":300,\"height\":300,\"caption\":\"Confident Leadership Coach\"},{\"@type\":\"BreadcrumbList\",\"@id\":\"https:\\\/\\\/avepeetri.ee\\\/et\\\/blogi\\\/#breadcrumb\",\"itemListElement\":[{\"@type\":\"ListItem\",\"position\":1,\"name\":\"Home\",\"item\":\"https:\\\/\\\/avepeetri.ee\\\/et\\\/\"},{\"@type\":\"ListItem\",\"position\":2,\"name\":\"Blogi\"}]},{\"@type\":\"WebSite\",\"@id\":\"https:\\\/\\\/avepeetri.ee\\\/#website\",\"url\":\"https:\\\/\\\/avepeetri.ee\\\/\",\"name\":\"Confident Leadership Coach\",\"description\":\"Connecting Confidence to Possibilities for Results with Executive Leadership Coaching\",\"publisher\":{\"@id\":\"https:\\\/\\\/avepeetri.ee\\\/#organization\"},\"potentialAction\":[{\"@type\":\"SearchAction\",\"target\":{\"@type\":\"EntryPoint\",\"urlTemplate\":\"https:\\\/\\\/avepeetri.ee\\\/?s={search_term_string}\"},\"query-input\":{\"@type\":\"PropertyValueSpecification\",\"valueRequired\":true,\"valueName\":\"search_term_string\"}}],\"inLanguage\":\"et\"},{\"@type\":\"Organization\",\"@id\":\"https:\\\/\\\/avepeetri.ee\\\/#organization\",\"name\":\"Juhtimiscoach ja meeskonna coach\",\"url\":\"https:\\\/\\\/avepeetri.ee\\\/\",\"logo\":{\"@type\":\"ImageObject\",\"inLanguage\":\"et\",\"@id\":\"https:\\\/\\\/avepeetri.ee\\\/#\\\/schema\\\/logo\\\/image\\\/\",\"url\":\"https:\\\/\\\/avepeetri.ee\\\/wp-content\\\/uploads\\\/2024\\\/11\\\/Confident-Leadership-Coach_17022017-1-e1635944759400.png\",\"contentUrl\":\"https:\\\/\\\/avepeetri.ee\\\/wp-content\\\/uploads\\\/2024\\\/11\\\/Confident-Leadership-Coach_17022017-1-e1635944759400.png\",\"width\":300,\"height\":300,\"caption\":\"Juhtimiscoach ja meeskonna coach\"},\"image\":{\"@id\":\"https:\\\/\\\/avepeetri.ee\\\/#\\\/schema\\\/logo\\\/image\\\/\"}}]}<\/script>\n<!-- \/ Yoast SEO plugin. -->","yoast_head_json":{"title":"Blogi - Juhtimiscoach ja meeskonna coach","description":"Loe Ave Peetri blogist v\u00e4\u00e4rtuslikke artikleid juhtimisest, meeskonnat\u00f6\u00f6st ja organisatsioonikultuurist. Saa praktilisi n\u00f5uandeid ja teadmisi!","robots":{"index":"index","follow":"follow","max-snippet":"max-snippet:-1","max-image-preview":"max-image-preview:large","max-video-preview":"max-video-preview:-1"},"canonical":"https:\/\/avepeetri.ee\/et\/blogi\/","og_locale":"et_EE","og_type":"article","og_title":"Blogi - Juhtimiscoach ja meeskonna coach","og_description":"Loe Ave Peetri blogist v\u00e4\u00e4rtuslikke artikleid juhtimisest, meeskonnat\u00f6\u00f6st ja organisatsioonikultuurist. Saa praktilisi n\u00f5uandeid ja teadmisi!","og_url":"https:\/\/avepeetri.ee\/et\/blogi\/","og_site_name":"Juhtimiscoach ja meeskonna coach","article_modified_time":"2024-12-29T20:25:34+00:00","og_image":[{"width":300,"height":300,"url":"https:\/\/avepeetri.ee\/wp-content\/uploads\/2024\/11\/Confident-Leadership-Coach_17022017-1-e1635944759400.png","type":"image\/png"}],"twitter_card":"summary_large_image","twitter_misc":{"Est. reading time":"6 minutit"},"schema":{"@context":"https:\/\/schema.org","@graph":[{"@type":"WebPage","@id":"https:\/\/avepeetri.ee\/et\/blogi\/","url":"https:\/\/avepeetri.ee\/et\/blogi\/","name":"Blogi - Juhtimiscoach ja meeskonna coach","isPartOf":{"@id":"https:\/\/avepeetri.ee\/#website"},"primaryImageOfPage":{"@id":"https:\/\/avepeetri.ee\/et\/blogi\/#primaryimage"},"image":{"@id":"https:\/\/avepeetri.ee\/et\/blogi\/#primaryimage"},"thumbnailUrl":"https:\/\/avepeetri.ee\/wp-content\/uploads\/2024\/11\/Confident-Leadership-Coach_17022017-1-e1635944759400.png","datePublished":"2024-10-31T05:34:00+00:00","dateModified":"2024-12-29T20:25:34+00:00","description":"Loe Ave Peetri blogist v\u00e4\u00e4rtuslikke artikleid juhtimisest, meeskonnat\u00f6\u00f6st ja organisatsioonikultuurist. Saa praktilisi n\u00f5uandeid ja teadmisi!","breadcrumb":{"@id":"https:\/\/avepeetri.ee\/et\/blogi\/#breadcrumb"},"inLanguage":"et","potentialAction":[{"@type":"ReadAction","target":["https:\/\/avepeetri.ee\/et\/blogi\/"]}]},{"@type":"ImageObject","inLanguage":"et","@id":"https:\/\/avepeetri.ee\/et\/blogi\/#primaryimage","url":"https:\/\/avepeetri.ee\/wp-content\/uploads\/2024\/11\/Confident-Leadership-Coach_17022017-1-e1635944759400.png","contentUrl":"https:\/\/avepeetri.ee\/wp-content\/uploads\/2024\/11\/Confident-Leadership-Coach_17022017-1-e1635944759400.png","width":300,"height":300,"caption":"Confident Leadership Coach"},{"@type":"BreadcrumbList","@id":"https:\/\/avepeetri.ee\/et\/blogi\/#breadcrumb","itemListElement":[{"@type":"ListItem","position":1,"name":"Home","item":"https:\/\/avepeetri.ee\/et\/"},{"@type":"ListItem","position":2,"name":"Blogi"}]},{"@type":"WebSite","@id":"https:\/\/avepeetri.ee\/#website","url":"https:\/\/avepeetri.ee\/","name":"Confident Leadership Coach","description":"Connecting Confidence to Possibilities for Results with Executive Leadership Coaching","publisher":{"@id":"https:\/\/avepeetri.ee\/#organization"},"potentialAction":[{"@type":"SearchAction","target":{"@type":"EntryPoint","urlTemplate":"https:\/\/avepeetri.ee\/?s={search_term_string}"},"query-input":{"@type":"PropertyValueSpecification","valueRequired":true,"valueName":"search_term_string"}}],"inLanguage":"et"},{"@type":"Organization","@id":"https:\/\/avepeetri.ee\/#organization","name":"Juhtimiscoach ja meeskonna coach","url":"https:\/\/avepeetri.ee\/","logo":{"@type":"ImageObject","inLanguage":"et","@id":"https:\/\/avepeetri.ee\/#\/schema\/logo\/image\/","url":"https:\/\/avepeetri.ee\/wp-content\/uploads\/2024\/11\/Confident-Leadership-Coach_17022017-1-e1635944759400.png","contentUrl":"https:\/\/avepeetri.ee\/wp-content\/uploads\/2024\/11\/Confident-Leadership-Coach_17022017-1-e1635944759400.png","width":300,"height":300,"caption":"Juhtimiscoach ja meeskonna coach"},"image":{"@id":"https:\/\/avepeetri.ee\/#\/schema\/logo\/image\/"}}]}},"_links":{"self":[{"href":"https:\/\/avepeetri.ee\/et\/wp-json\/wp\/v2\/pages\/4414","targetHints":{"allow":["GET"]}}],"collection":[{"href":"https:\/\/avepeetri.ee\/et\/wp-json\/wp\/v2\/pages"}],"about":[{"href":"https:\/\/avepeetri.ee\/et\/wp-json\/wp\/v2\/types\/page"}],"author":[{"embeddable":true,"href":"https:\/\/avepeetri.ee\/et\/wp-json\/wp\/v2\/users\/5"}],"replies":[{"embeddable":true,"href":"https:\/\/avepeetri.ee\/et\/wp-json\/wp\/v2\/comments?post=4414"}],"version-history":[{"count":4,"href":"https:\/\/avepeetri.ee\/et\/wp-json\/wp\/v2\/pages\/4414\/revisions"}],"predecessor-version":[{"id":4895,"href":"https:\/\/avepeetri.ee\/et\/wp-json\/wp\/v2\/pages\/4414\/revisions\/4895"}],"wp:featuredmedia":[{"embeddable":true,"href":"https:\/\/avepeetri.ee\/et\/wp-json\/wp\/v2\/media\/4401"}],"wp:attachment":[{"href":"https:\/\/avepeetri.ee\/et\/wp-json\/wp\/v2\/media?parent=4414"}],"curies":[{"name":"wp","href":"https:\/\/api.w.org\/{rel}","templated":true}]}}